{"id":407,"date":"2023-08-12T14:49:55","date_gmt":"2023-08-12T18:49:55","guid":{"rendered":"https:\/\/cloudxentral.com\/?post_type=product&#038;p=407"},"modified":"2024-06-19T10:42:05","modified_gmt":"2024-06-19T14:42:05","slug":"yealink-t54w","status":"publish","type":"product","link":"https:\/\/cloudxentral.com\/es\/producto\/yealink-t54w\/","title":{"rendered":"Yealink T54W"},"content":{"rendered":"<p>Especialmente dise\u00f1ado para ejecutivos y profesionales ocupados, Yealink SIP-T54W es un Prime Business Phone f\u00e1cil de usar con una pantalla LCD en color ajustable de 4,3 pulgadas en la que puede encontrar de manera f\u00e1cil y flexible el \u00e1ngulo de visi\u00f3n c\u00f3modo seg\u00fan las necesidades personales y ambientales. Con el Bluetooth 4.2 incorporado y el Wi-Fi 2.4G\/5G de doble banda incorporado, el tel\u00e9fono IP SIP-T54W le garantiza mantenerse al d\u00eda con la tecnolog\u00eda inal\u00e1mbrica moderna y aprovechar la primera oportunidad en la futura era inal\u00e1mbrica. Su puerto USB 2.0 incorporado permite la grabaci\u00f3n USB o un auricular USB con cable\/inal\u00e1mbrico directo o la conexi\u00f3n de hasta tres m\u00f3dulos de expansi\u00f3n Yealink EXP50. Al beneficiarse de estas caracter\u00edsticas, el Yealink SIP-T54W es un tel\u00e9fono de oficina potente y ampliable que ofrece eficiencia y productividad de escritorio \u00f3ptimas.<\/p>\n<p><strong>F\u00e1cil de utilizar<\/strong><br \/>\nEl tel\u00e9fono IP Yealink SIP-T54W cuenta con una pantalla LCD en color ajustable de 4,3 pulgadas que puede ajustar f\u00e1cilmente al \u00e1ngulo de visi\u00f3n c\u00f3modo que desee. En cuanto a la calidad del audio, el SIP-T54W se combina con la \u00faltima versi\u00f3n de las tecnolog\u00edas Yealink Optimal HD Voice, incluida la tecnolog\u00eda Yealink Acoustic Shield, que elimina eficazmente las distracciones y los ruidos de fondo y ofrece una voz n\u00edtida incluso en un entorno ruidoso. Mientras tanto, cumpliendo con las \u00faltimas regulaciones de compatibilidad con aud\u00edfonos (HAC), su tel\u00e9fono HAC ayuda a la persona con p\u00e9rdida auditiva a escuchar la voz con mayor claridad.<\/p>\n<p><strong>Transmisi\u00f3n inal\u00e1mbrica<\/strong><br \/>\nEl tel\u00e9fono IP Yealink SIP-T54W no solo le proporciona el Bluetooth 4.2 incorporado para auriculares Bluetooth y sincronizaci\u00f3n de contactos m\u00f3viles, sino tambi\u00e9n el Wi-Fi de doble banda incorporado para conectividad Wi-Fi, lo que le permite acceder a la red Wi-Fi 5G. Conectividad Fi c\u00f3modamente. Adem\u00e1s, si desea ampliar sus horizontes para entornos ocupados o compartir un sistema telef\u00f3nico con su peque\u00f1o equipo agregando varios tel\u00e9fonos, simplemente convierta su tel\u00e9fono IP en un tel\u00e9fono inal\u00e1mbrico con cable a trav\u00e9s de la tecnolog\u00eda DECT. Adem\u00e1s, el tel\u00e9fono IP<br \/>\npueden funcionar con Yealink VC Desktop juntos para compartir contenido desde su computadora port\u00e1til, lo que hace que la colaboraci\u00f3n sea mucho m\u00e1s f\u00e1cil que antes.<\/p>\n<p><strong>Alta capacidad de expansi\u00f3n<\/strong><br \/>\nUn puerto USB 2.0 incorporado le permite disfrutar de la grabaci\u00f3n de llamadas USB a trav\u00e9s de una unidad flash USB. A trav\u00e9s de este puerto USB, tambi\u00e9n puede conectar auriculares USB con cable\/inal\u00e1mbricos sin necesidad de conectar m\u00e1s Yealink EHS36 y conectar hasta 3 m\u00f3dulos de expansi\u00f3n Yealink EXP50 que se pueden programar con hasta 180<br \/>\nClaves DSS sin papel.<\/p>\n<p><strong>Instalaci\u00f3n y aprovisionamiento eficientes<\/strong><br \/>\nEl Yealink SIP-T54W admite un aprovisionamiento eficiente y una implementaci\u00f3n masiva sin esfuerzo con el servicio de redirecci\u00f3n y aprovisionamiento (RPS) y el mecanismo de arranque de Yealink para ayudarlo a realizar el aprovisionamiento Zero Touch sin configuraciones manuales complejas. Adem\u00e1s, un firmware unificado y una plantilla de auto-p que se aplica a los modelos de tel\u00e9fono T53\/T53W\/T54W\/T57W ahorra a\u00fan m\u00e1s tiempo y costos para las empresas, adem\u00e1s de simplificar la administraci\u00f3n y el mantenimiento.<\/p>","protected":false},"excerpt":{"rendered":"<p>Prime Business Phone para ofrecer una productividad de escritorio \u00f3ptima.<\/p>","protected":false},"featured_media":364,"comment_status":"open","ping_status":"closed","template":"","meta":{"_acf_changed":false},"product_brand":[],"product_cat":[24],"product_tag":[],"class_list":{"0":"post-407","1":"product","2":"type-product","3":"status-publish","4":"has-post-thumbnail","6":"product_cat-deskphone","8":"first","9":"instock","10":"shipping-taxable","11":"purchasable","12":"product-type-simple"},"acf":[],"_links":{"self":[{"href":"https:\/\/cloudxentral.com\/es\/wp-json\/wp\/v2\/product\/407","targetHints":{"allow":["GET"]}}],"collection":[{"href":"https:\/\/cloudxentral.com\/es\/wp-json\/wp\/v2\/product"}],"about":[{"href":"https:\/\/cloudxentral.com\/es\/wp-json\/wp\/v2\/types\/product"}],"replies":[{"embeddable":true,"href":"https:\/\/cloudxentral.com\/es\/wp-json\/wp\/v2\/comments?post=407"}],"wp:featuredmedia":[{"embeddable":true,"href":"https:\/\/cloudxentral.com\/es\/wp-json\/wp\/v2\/media\/364"}],"wp:attachment":[{"href":"https:\/\/cloudxentral.com\/es\/wp-json\/wp\/v2\/media?parent=407"}],"wp:term":[{"taxonomy":"product_brand","embeddable":true,"href":"https:\/\/cloudxentral.com\/es\/wp-json\/wp\/v2\/product_brand?post=407"},{"taxonomy":"product_cat","embeddable":true,"href":"https:\/\/cloudxentral.com\/es\/wp-json\/wp\/v2\/product_cat?post=407"},{"taxonomy":"product_tag","embeddable":true,"href":"https:\/\/cloudxentral.com\/es\/wp-json\/wp\/v2\/product_tag?post=407"}],"curies":[{"name":"wp","href":"https:\/\/api.w.org\/{rel}","templated":true}]}}