{"id":430,"date":"2023-08-12T16:41:53","date_gmt":"2023-08-12T20:41:53","guid":{"rendered":"https:\/\/cloudxentral.com\/?post_type=product&#038;p=430"},"modified":"2024-06-19T11:20:57","modified_gmt":"2024-06-19T15:20:57","slug":"yealink-t53","status":"publish","type":"product","link":"https:\/\/cloudxentral.com\/es\/producto\/yealink-t53\/","title":{"rendered":"Yealink T53"},"content":{"rendered":"<p>Especialmente dise\u00f1ado para ejecutivos y profesionales ocupados, Yealink SIP-T53 es un Prime Business Phone f\u00e1cil de usar con una pantalla LCD gr\u00e1fica ajustable de 3,7 pulgadas en la que puede encontrar de manera f\u00e1cil y flexible el \u00e1ngulo de visi\u00f3n c\u00f3modo seg\u00fan las necesidades personales y ambientales. Al trabajar con Yealink Bluetooth USB Dongle BT40 y Yealink Wi-Fi USB Dongle WF40\/WF50, el tel\u00e9fono IP SIP-T53 le garantiza mantenerse al d\u00eda con la tecnolog\u00eda inal\u00e1mbrica moderna y aprovechar la primera oportunidad en la futura era inal\u00e1mbrica. Su puerto USB 2.0 incorporado permite la grabaci\u00f3n USB o un auricular USB con cable\/inal\u00e1mbrico directo o la conexi\u00f3n de hasta tres m\u00f3dulos de expansi\u00f3n Yealink EXP50. Benefici\u00e1ndose de estas caracter\u00edsticas, el Yealink SIP-T53 es un tel\u00e9fono de oficina potente y ampliable que ofrece productividad y eficiencia de escritorio \u00f3ptimas.<\/p>\n<p><strong>F\u00e1cil de utilizar<\/strong><br \/>\nEl tel\u00e9fono IP Yealink SIP-T53 cuenta con una pantalla LCD gr\u00e1fica ajustable de 3,7 pulgadas que puede ajustar f\u00e1cilmente al \u00e1ngulo de visi\u00f3n c\u00f3modo que prefiera. En cuanto a la calidad del audio, el SIP-T53 se combina con la \u00faltima versi\u00f3n de las tecnolog\u00edas Yealink Optimal HD Voice, incluida la tecnolog\u00eda Yealink Acoustic Shield, que elimina eficazmente las distracciones y los ruidos de fondo y ofrece una voz n\u00edtida incluso en un entorno ruidoso. Mientras tanto, cumpliendo con las \u00faltimas regulaciones de compatibilidad con aud\u00edfonos (HAC), su tel\u00e9fono HAC ayuda a la persona con p\u00e9rdida auditiva a escuchar la voz con mayor claridad.<\/p>\n<p><strong>Transmisi\u00f3n inal\u00e1mbrica<\/strong><br \/>\nEl tel\u00e9fono IP Yealink SIP-T53 no solo le proporciona conectividad Bluetooth, incluidos auriculares Bluetooth y sincronizaci\u00f3n de contactos m\u00f3viles, cuando trabaja con Yealink Bluetooth USB Dongle BT40, sino tambi\u00e9n conectividad Wi-Fi cuando trabaja con Yealink Wi-Fi USB Dongle WF40\/ WF50.<br \/>\nEn particular, puede acceder f\u00e1cilmente a la conectividad Wi-Fi 5G si usa WF50. Adem\u00e1s, si desea ampliar sus horizontes para entornos ocupados o compartir un sistema telef\u00f3nico con su peque\u00f1o equipo agregando varios tel\u00e9fonos, simplemente convierta su tel\u00e9fono IP en un tel\u00e9fono inal\u00e1mbrico con cable a trav\u00e9s de la tecnolog\u00eda DECT. Adem\u00e1s, el tel\u00e9fono IP puede funcionar junto con Yealink VC Desktop para compartir contenido desde su computadora port\u00e1til, lo que hace que la colaboraci\u00f3n sea mucho m\u00e1s f\u00e1cil que antes(1).<\/p>\n<p><strong>Alta capacidad de expansi\u00f3n<\/strong><br \/>\nUn puerto USB 2.0 incorporado le permite disfrutar de la grabaci\u00f3n de llamadas USB a trav\u00e9s de una unidad flash USB. A trav\u00e9s de este puerto USB, tambi\u00e9n puede conectar auriculares USB con cable\/inal\u00e1mbricos sin necesidad de conectar m\u00e1s Yealink EHS36 y conectar hasta 3 m\u00f3dulos de expansi\u00f3n Yealink EXP50 que se pueden programar con hasta 180 claves DSS sin papel.<\/p>\n<p><strong>Instalaci\u00f3n y aprovisionamiento eficientes<\/strong><br \/>\nEl Yealink SIP-T53 admite un aprovisionamiento eficiente y una implementaci\u00f3n masiva sin esfuerzo con el servicio de redirecci\u00f3n y aprovisionamiento (RPS) y el mecanismo de arranque de Yealink para ayudarlo a realizar el aprovisionamiento Zero Touch sin configuraciones manuales complejas.<\/p>","protected":false},"excerpt":{"rendered":"<p>Prime Business Phone para ofrecer una productividad de escritorio \u00f3ptima.<\/p>","protected":false},"featured_media":431,"comment_status":"open","ping_status":"closed","template":"","meta":{"_acf_changed":false},"product_brand":[],"product_cat":[24],"product_tag":[],"class_list":{"0":"post-430","1":"product","2":"type-product","3":"status-publish","4":"has-post-thumbnail","6":"product_cat-deskphone","8":"first","9":"instock","10":"shipping-taxable","11":"purchasable","12":"product-type-simple"},"acf":[],"_links":{"self":[{"href":"https:\/\/cloudxentral.com\/es\/wp-json\/wp\/v2\/product\/430","targetHints":{"allow":["GET"]}}],"collection":[{"href":"https:\/\/cloudxentral.com\/es\/wp-json\/wp\/v2\/product"}],"about":[{"href":"https:\/\/cloudxentral.com\/es\/wp-json\/wp\/v2\/types\/product"}],"replies":[{"embeddable":true,"href":"https:\/\/cloudxentral.com\/es\/wp-json\/wp\/v2\/comments?post=430"}],"wp:featuredmedia":[{"embeddable":true,"href":"https:\/\/cloudxentral.com\/es\/wp-json\/wp\/v2\/media\/431"}],"wp:attachment":[{"href":"https:\/\/cloudxentral.com\/es\/wp-json\/wp\/v2\/media?parent=430"}],"wp:term":[{"taxonomy":"product_brand","embeddable":true,"href":"https:\/\/cloudxentral.com\/es\/wp-json\/wp\/v2\/product_brand?post=430"},{"taxonomy":"product_cat","embeddable":true,"href":"https:\/\/cloudxentral.com\/es\/wp-json\/wp\/v2\/product_cat?post=430"},{"taxonomy":"product_tag","embeddable":true,"href":"https:\/\/cloudxentral.com\/es\/wp-json\/wp\/v2\/product_tag?post=430"}],"curies":[{"name":"wp","href":"https:\/\/api.w.org\/{rel}","templated":true}]}}