{"id":440,"date":"2023-08-12T17:08:14","date_gmt":"2023-08-12T21:08:14","guid":{"rendered":"https:\/\/cloudxentral.com\/?post_type=product&#038;p=440"},"modified":"2023-08-12T17:08:47","modified_gmt":"2023-08-12T21:08:47","slug":"yealink-t46s","status":"publish","type":"product","link":"https:\/\/cloudxentral.com\/es\/producto\/yealink-t46s\/","title":{"rendered":"Yealink T46S"},"content":{"rendered":"<p>El T46S es la herramienta de comunicaci\u00f3n definitiva para ejecutivos y profesionales ocupados. Adem\u00e1s de ofrecer un mejor rendimiento general que el T46G, este dispositivo tiene una interfaz m\u00e1s r\u00e1pida con una pantalla TFT en color rica y de alta resoluci\u00f3n. Construida con tecnolog\u00eda Yealink Optima HD y c\u00f3dec de voz SILK, la gran pantalla a color de 4,3 pulgadas del T46S presenta una moderna interfaz de Skype for Business, que brinda a los usuarios una experiencia familiar y amigable. El T46S est\u00e1 equipado con funciones avanzadas para ayudar a simplificar el flujo de trabajo de cada usuario. Para ejecutivos y vendedores, el T46S admite conectividad USB Bluetooth y cambio flexible de llamadas a tel\u00e9fonos m\u00f3viles. Para el personal de recepci\u00f3n, el T46S se puede emparejar con el m\u00f3dulo de expansi\u00f3n Yealink EXP40, que admite hasta 240 contactos adicionales.<\/p>\n<p><strong>Audio HD \u00f3ptimo<\/strong><br \/>\nLa tecnolog\u00eda Yealink Optima HD Voice combina hardware y software de \u00faltima generaci\u00f3n con tecnolog\u00eda de banda ancha para un m\u00e1ximo rendimiento ac\u00fastico. Como c\u00f3dec de voz para comunicaciones de voz basadas en paquetes en tiempo real, SILK est\u00e1 dise\u00f1ado para ofrecer una mayor calidad de audio HD, lo que proporciona escalabilidad en varias dimensiones y es altamente escalable en t\u00e9rminos de ancho de banda de audio, velocidad de bits de red y complejidad. Y su tel\u00e9fono compatible con aud\u00edfonos (HAC) ayuda a la persona con p\u00e9rdida auditiva a escuchar la voz con mayor claridad.<\/p>\n<p><strong>Funcionalidad m\u00e1s rica<\/strong><br \/>\nEl T46S es compatible con Skype for Business Online, implementaci\u00f3n local e h\u00edbrida, lo que ampl\u00eda de manera efectiva los beneficios de Microsoft\u00ae SFB. La funci\u00f3n de conferencia de Skype Empresarial hace que las conferencias telef\u00f3nicas sean muy sencillas. El T46S permite a los usuarios sincronizar los cronogramas de reuniones del Calendario de Outlook en tiempo real con solo hacer clic para unirse a una reuni\u00f3n y adem\u00e1s est\u00e1 equipado con sincronizaci\u00f3n de directorio, administraci\u00f3n visual de correo de voz, Jefe\/Administrador y m\u00e1s, elevando el est\u00e1ndar de productividad a nuevas alturas. Con un puerto USB completamente nuevo, cuenta con una funcionalidad y capacidad de expansi\u00f3n incomparables con funciones de Bluetooth, grabaci\u00f3n USB y auriculares USB.<\/p>\n<p><strong>F\u00e1cil de usar y f\u00e1cil de implementar<\/strong><br \/>\nLa moderna interfaz de Skype Empresarial proporciona una presentaci\u00f3n visual rica y una navegaci\u00f3n sencilla por los men\u00fas. Fija tus contactos favoritos directamente a la pantalla de inicio, organ\u00edzalos como quieras y m\u00e1rcalos f\u00e1cilmente con solo un toque. La compatibilidad con el aprovisionamiento en banda y la administraci\u00f3n de configuraci\u00f3n en banda de Skype for Business Server de Microsoft permite una configuraci\u00f3n sin preocupaciones y una implementaci\u00f3n masiva m\u00e1s f\u00e1cil que nunca. Implementado autom\u00e1ticamente en una variedad de servidores: HTTP, HTTPS, TFTP y FTP, el T46S de Yealink puede incluso preinstalarse con el software premium de Yealink para Skype Empresarial antes del env\u00edo, lo que significa plug-and-play para los clientes inmediatamente despu\u00e9s de desembalarlo. Adem\u00e1s, un firmware unificado y una plantilla de auto-p que se aplica a todos los modelos de tel\u00e9fono T4S (T41S, T42S, T46S y T48S), ahorra a\u00fan m\u00e1s tiempo y costos para las empresas, adem\u00e1s de simplificar la administraci\u00f3n y el mantenimiento.<\/p>","protected":false},"excerpt":{"rendered":"<p>Tel\u00e9fono IP ejecutivo compatible con Microsoft\u00ae Skype for Business.<\/p>","protected":false},"featured_media":442,"comment_status":"open","ping_status":"closed","template":"","meta":{"_acf_changed":false},"product_brand":[],"product_cat":[24],"product_tag":[],"class_list":{"0":"post-440","1":"product","2":"type-product","3":"status-publish","4":"has-post-thumbnail","6":"product_cat-deskphone","8":"first","9":"instock","10":"shipping-taxable","11":"purchasable","12":"product-type-simple"},"acf":[],"_links":{"self":[{"href":"https:\/\/cloudxentral.com\/es\/wp-json\/wp\/v2\/product\/440","targetHints":{"allow":["GET"]}}],"collection":[{"href":"https:\/\/cloudxentral.com\/es\/wp-json\/wp\/v2\/product"}],"about":[{"href":"https:\/\/cloudxentral.com\/es\/wp-json\/wp\/v2\/types\/product"}],"replies":[{"embeddable":true,"href":"https:\/\/cloudxentral.com\/es\/wp-json\/wp\/v2\/comments?post=440"}],"wp:featuredmedia":[{"embeddable":true,"href":"https:\/\/cloudxentral.com\/es\/wp-json\/wp\/v2\/media\/442"}],"wp:attachment":[{"href":"https:\/\/cloudxentral.com\/es\/wp-json\/wp\/v2\/media?parent=440"}],"wp:term":[{"taxonomy":"product_brand","embeddable":true,"href":"https:\/\/cloudxentral.com\/es\/wp-json\/wp\/v2\/product_brand?post=440"},{"taxonomy":"product_cat","embeddable":true,"href":"https:\/\/cloudxentral.com\/es\/wp-json\/wp\/v2\/product_cat?post=440"},{"taxonomy":"product_tag","embeddable":true,"href":"https:\/\/cloudxentral.com\/es\/wp-json\/wp\/v2\/product_tag?post=440"}],"curies":[{"name":"wp","href":"https:\/\/api.w.org\/{rel}","templated":true}]}}