{"id":443,"date":"2023-08-12T17:12:24","date_gmt":"2023-08-12T21:12:24","guid":{"rendered":"https:\/\/cloudxentral.com\/?post_type=product&#038;p=443"},"modified":"2024-06-19T12:29:51","modified_gmt":"2024-06-19T16:29:51","slug":"yealink-t33g","status":"publish","type":"product","link":"https:\/\/cloudxentral.com\/es\/producto\/yealink-t33g\/","title":{"rendered":"Yealink T33G"},"content":{"rendered":"<p><strong>Audio HD superior, mejor comunicaci\u00f3n<\/strong><br \/>\nLa serie Yealink T3 proporciona comunicaciones sin distracciones con la tecnolog\u00eda de filtrado de ruido inteligente l\u00edder en la industria, que ofrece una excelente calidad de sonido sin ruidos extra\u00f1os y permite conversaciones fluidas.<\/p>\n<p><strong>Dise\u00f1o cl\u00e1sico, detalles pr\u00e1cticos<\/strong><\/p>\n<p>Dise\u00f1ada por el equipo original de Yealink, la serie T3 hereda el concepto de dise\u00f1o de la familia de tel\u00e9fonos IP Yealink. El dise\u00f1o avanzado que incluye apariencias modernas y detalles ergon\u00f3micos permite una experiencia de operaci\u00f3n m\u00e1s f\u00e1cil y amigable para los usuarios.<\/p>\n<p><strong>Plataforma todo en uno, gesti\u00f3n c\u00f3moda<\/strong><\/p>\n<p>Fiabilidad e integraciones comprobadas para la plataforma de administraci\u00f3n de dispositivos Yealink, instalado el firmware unificado, la serie T3 es f\u00e1cil de implementar y administrar, lo que permite una reducci\u00f3n significativa en el costo de operaci\u00f3n y mantenimiento.<\/p>","protected":false},"excerpt":{"rendered":"<p>Tel\u00e9fono IP profesional con 3 l\u00edneas y voz HD.<\/p>","protected":false},"featured_media":444,"comment_status":"open","ping_status":"closed","template":"","meta":{"_acf_changed":false},"product_brand":[],"product_cat":[24],"product_tag":[],"class_list":{"0":"post-443","1":"product","2":"type-product","3":"status-publish","4":"has-post-thumbnail","6":"product_cat-deskphone","8":"first","9":"instock","10":"shipping-taxable","11":"purchasable","12":"product-type-simple"},"acf":[],"_links":{"self":[{"href":"https:\/\/cloudxentral.com\/es\/wp-json\/wp\/v2\/product\/443","targetHints":{"allow":["GET"]}}],"collection":[{"href":"https:\/\/cloudxentral.com\/es\/wp-json\/wp\/v2\/product"}],"about":[{"href":"https:\/\/cloudxentral.com\/es\/wp-json\/wp\/v2\/types\/product"}],"replies":[{"embeddable":true,"href":"https:\/\/cloudxentral.com\/es\/wp-json\/wp\/v2\/comments?post=443"}],"wp:featuredmedia":[{"embeddable":true,"href":"https:\/\/cloudxentral.com\/es\/wp-json\/wp\/v2\/media\/444"}],"wp:attachment":[{"href":"https:\/\/cloudxentral.com\/es\/wp-json\/wp\/v2\/media?parent=443"}],"wp:term":[{"taxonomy":"product_brand","embeddable":true,"href":"https:\/\/cloudxentral.com\/es\/wp-json\/wp\/v2\/product_brand?post=443"},{"taxonomy":"product_cat","embeddable":true,"href":"https:\/\/cloudxentral.com\/es\/wp-json\/wp\/v2\/product_cat?post=443"},{"taxonomy":"product_tag","embeddable":true,"href":"https:\/\/cloudxentral.com\/es\/wp-json\/wp\/v2\/product_tag?post=443"}],"curies":[{"name":"wp","href":"https:\/\/api.w.org\/{rel}","templated":true}]}}