{"id":461,"date":"2023-08-18T02:52:50","date_gmt":"2023-08-18T06:52:50","guid":{"rendered":"https:\/\/cloudxentral.com\/?post_type=product&#038;p=461"},"modified":"2023-08-18T02:52:50","modified_gmt":"2023-08-18T06:52:50","slug":"yealink-exp50","status":"publish","type":"product","link":"https:\/\/cloudxentral.com\/es\/producto\/yealink-exp50\/","title":{"rendered":"Yealink EXP50"},"content":{"rendered":"<p>El m\u00f3dulo de expansi\u00f3n de pantalla a color Yealink EXP50 para Yealink\u00a0<strong>T53<\/strong>,\u00a0<strong>T53W<\/strong>,\u00a0<strong>T54W<\/strong>,\u00a0<strong>T57W<\/strong>,\u00a0<strong>T58A<\/strong>, tel\u00e9fonos IP, est\u00e1 dise\u00f1ado para ampliar la capacidad funcional de su tel\u00e9fono SIP a un nivel completamente nuevo. Cuenta con una gran pantalla LCD a color de 4,3 pulgadas, que le brinda una experiencia visual v\u00edvida. Adem\u00e1s, le proporciona una interfaz de usuario sencilla y capacidades avanzadas de gesti\u00f3n de llamadas. Por ejemplo, tres p\u00e1ginas de 20 botones flexibles que se muestran en la pantalla se pueden programar con hasta 60 funciones diferentes. La funcionalidad de Yealink\u00a0<strong>T53, T53W, T54W, T57W, T58A IP phones<\/strong>\u00a0Tambi\u00e9n se ampliar\u00e1 con el EXP50, puede configurar las teclas de l\u00ednea multifuncionales proporcionadas como BLF, marcaci\u00f3n r\u00e1pida, desv\u00edo de llamadas, transferencia, estacionamiento de llamadas, captura de llamadas, etc. El m\u00f3dulo de expansi\u00f3n de pantalla a color Yealink EXP50 es una soluci\u00f3n ideal para recepcionistas, asistentes administrativos y trabajadores del centro de contacto y le brinda la capacidad de monitorear contactos y administrar un gran volumen de llamadas con facilidad.<\/p>\n<p><strong>Dise\u00f1o de estructura f\u00e1cil de usar<\/strong><br \/>\nCon una pantalla a color de 4,3 pulgadas, el m\u00f3dulo de expansi\u00f3n Yealink EXP50 est\u00e1 dise\u00f1ado para brindarle una experiencia visual nueva y una experiencia operativa sencilla. Su nuevo dise\u00f1o para el soporte le permite ajustarse f\u00e1cilmente entre dos \u00e1ngulos de descanso incluso sin desmontarlo.<br \/>\nPara garantizar una mayor confiabilidad de la transmisi\u00f3n de datos y una mayor velocidad de actualizaci\u00f3n de datos, se elige un cable USB para conectar el m\u00f3dulo de expansi\u00f3n EXP50 a\u00a0<strong>Yealink T53, T53W, T54W, T57W, T58A IP phones<\/strong>. Adem\u00e1s, despu\u00e9s de conectarse correctamente a los tel\u00e9fonos IP, el puerto USB restante en la parte posterior del EXP50 tambi\u00e9n se puede utilizar para realizar las funciones ampliadas del tel\u00e9fono.<br \/>\npor ejemplo, grabaci\u00f3n de llamadas mediante una unidad flash USB, etc.<\/p>\n<p><strong>Visualizaci\u00f3n intuitiva<br \/>\n<\/strong>Una pantalla a color de 4,3 pulgadas y 272\u00d7480 p\u00edxeles enriquece enormemente tu experiencia visual. Los \u00edconos de color para las teclas DSS, la funci\u00f3n de fondo de pantalla y protector de pantalla, todos estos le ofrecen una nueva experiencia operativa y le permiten personalizar el EXP50 con su propio estilo. M\u00e1s que eso, sus 3 teclas de control independientes con LED iluminado en la parte inferior se utilizan para<br \/>\ncambio r\u00e1pido a la p\u00e1gina correspondiente.<\/p>\n<p><strong>Alta capacidad de expansi\u00f3n<\/strong><br \/>\nThe Yealink T53\/T53W\/T54W\/T57W\/T58A IP phones can be fully equipped with up to three EXP50 Color-screen Expansion Modules while adding 180 additional buttons at most. Three pages of 20 flexible buttons with dual-color LED shown on the display can be programmed up to 60 various features that can be used for speed dialing, BLF\/BLA, call forward, transfer, etc. Thus, it will help you effectively manage a high volume of concurrent<br \/>\nllamadas, supervise llamadas sin esfuerzo y aumente enormemente la productividad personal.<\/p>","protected":false},"excerpt":{"rendered":"<p>Un m\u00f3dulo de expansi\u00f3n de pantalla a color de alto rendimiento<\/p>","protected":false},"featured_media":462,"comment_status":"open","ping_status":"closed","template":"","meta":{"_acf_changed":false},"product_brand":[],"product_cat":[25],"product_tag":[],"class_list":{"0":"post-461","1":"product","2":"type-product","3":"status-publish","4":"has-post-thumbnail","6":"product_cat-reception","8":"first","9":"instock","10":"shipping-taxable","11":"purchasable","12":"product-type-simple"},"acf":[],"_links":{"self":[{"href":"https:\/\/cloudxentral.com\/es\/wp-json\/wp\/v2\/product\/461","targetHints":{"allow":["GET"]}}],"collection":[{"href":"https:\/\/cloudxentral.com\/es\/wp-json\/wp\/v2\/product"}],"about":[{"href":"https:\/\/cloudxentral.com\/es\/wp-json\/wp\/v2\/types\/product"}],"replies":[{"embeddable":true,"href":"https:\/\/cloudxentral.com\/es\/wp-json\/wp\/v2\/comments?post=461"}],"wp:featuredmedia":[{"embeddable":true,"href":"https:\/\/cloudxentral.com\/es\/wp-json\/wp\/v2\/media\/462"}],"wp:attachment":[{"href":"https:\/\/cloudxentral.com\/es\/wp-json\/wp\/v2\/media?parent=461"}],"wp:term":[{"taxonomy":"product_brand","embeddable":true,"href":"https:\/\/cloudxentral.com\/es\/wp-json\/wp\/v2\/product_brand?post=461"},{"taxonomy":"product_cat","embeddable":true,"href":"https:\/\/cloudxentral.com\/es\/wp-json\/wp\/v2\/product_cat?post=461"},{"taxonomy":"product_tag","embeddable":true,"href":"https:\/\/cloudxentral.com\/es\/wp-json\/wp\/v2\/product_tag?post=461"}],"curies":[{"name":"wp","href":"https:\/\/api.w.org\/{rel}","templated":true}]}}