{"id":463,"date":"2023-08-18T02:55:17","date_gmt":"2023-08-18T06:55:17","guid":{"rendered":"https:\/\/cloudxentral.com\/?post_type=product&#038;p=463"},"modified":"2023-08-18T02:55:54","modified_gmt":"2023-08-18T06:55:54","slug":"yealink-exp40","status":"publish","type":"product","link":"https:\/\/cloudxentral.com\/es\/producto\/yealink-exp40\/","title":{"rendered":"Yealink EXP40"},"content":{"rendered":"<p>El m\u00f3dulo de expansi\u00f3n EXP40 para el\u00a0<strong>SIP-T46S<\/strong>,\u00a0<strong>SIP-T46G<\/strong>,\u00a0<strong>SIP-T48S<\/strong> y <strong>SIP-T48G<\/strong>, ampliando la capacidad funcional de su tel\u00e9fono SIP a un nivel completamente nuevo. Cuenta con una gran pantalla LCD gr\u00e1fica. En la pantalla se muestran dos p\u00e1ginas de 20 botones flexibles que se pueden programar hasta 40 funciones diferentes; las funciones que mejoran la productividad incluyen BLF\/BLA, marcaci\u00f3n r\u00e1pida, desv\u00edo de llamadas, transferencia, estacionamiento, recogida, etc.<\/p>\n<p><strong>Dise\u00f1o revolucionariamente nuevo<\/strong><br \/>\nNuevo dise\u00f1o que busca los detalles m\u00e1s peque\u00f1os para combinar elegantemente con la apariencia del T46G, las cubiertas de goma en los pies que entran en contacto con la superficie del escritorio ayudan a evitar que el tel\u00e9fono se deslice. El nuevo soporte permite dos posiciones para el dispositivo y admite la aplicaci\u00f3n de pared. Montable, la pantalla retroiluminada elimina la necesidad de luz externa.<\/p>\n<p><strong>Una rica experiencia visual para aplicaciones<\/strong><br \/>\nEquipado con una pantalla LCD gr\u00e1fica de 160\u00d7320 con retroiluminaci\u00f3n. Son posibles 20 teclas f\u00edsicas cada una con un LED de dos colores y dos vistas de p\u00e1gina, esto permite 40 teclas programables adicionales que se pueden usar para marcaci\u00f3n r\u00e1pida, BLF\/BLA, desv\u00edo de llamadas, transferencia, estacionamiento, recogida, etc. 2 teclas de control independientes se utilizan para cambiar r\u00e1pidamente de p\u00e1gina.<\/p>\n<p><strong>Capacidad de expansi\u00f3n<\/strong><br \/>\nAdmite hasta 6 m\u00f3dulos de expansi\u00f3n para una aplicaci\u00f3n de consola de operadora, agregando hasta 240 botones adicionales. debe alimentarse con una fuente de alimentaci\u00f3n convencional (5V\/1,2A) si supera las 2 conexiones.<\/p>","protected":false},"excerpt":{"rendered":"<p>M\u00f3dulo de expansi\u00f3n LCD de alto rendimiento<\/p>","protected":false},"featured_media":464,"comment_status":"open","ping_status":"closed","template":"","meta":{"_acf_changed":false},"product_brand":[],"product_cat":[25],"product_tag":[],"class_list":{"0":"post-463","1":"product","2":"type-product","3":"status-publish","4":"has-post-thumbnail","6":"product_cat-reception","8":"first","9":"instock","10":"shipping-taxable","11":"purchasable","12":"product-type-simple"},"acf":[],"_links":{"self":[{"href":"https:\/\/cloudxentral.com\/es\/wp-json\/wp\/v2\/product\/463","targetHints":{"allow":["GET"]}}],"collection":[{"href":"https:\/\/cloudxentral.com\/es\/wp-json\/wp\/v2\/product"}],"about":[{"href":"https:\/\/cloudxentral.com\/es\/wp-json\/wp\/v2\/types\/product"}],"replies":[{"embeddable":true,"href":"https:\/\/cloudxentral.com\/es\/wp-json\/wp\/v2\/comments?post=463"}],"wp:featuredmedia":[{"embeddable":true,"href":"https:\/\/cloudxentral.com\/es\/wp-json\/wp\/v2\/media\/464"}],"wp:attachment":[{"href":"https:\/\/cloudxentral.com\/es\/wp-json\/wp\/v2\/media?parent=463"}],"wp:term":[{"taxonomy":"product_brand","embeddable":true,"href":"https:\/\/cloudxentral.com\/es\/wp-json\/wp\/v2\/product_brand?post=463"},{"taxonomy":"product_cat","embeddable":true,"href":"https:\/\/cloudxentral.com\/es\/wp-json\/wp\/v2\/product_cat?post=463"},{"taxonomy":"product_tag","embeddable":true,"href":"https:\/\/cloudxentral.com\/es\/wp-json\/wp\/v2\/product_tag?post=463"}],"curies":[{"name":"wp","href":"https:\/\/api.w.org\/{rel}","templated":true}]}}