{"id":466,"date":"2023-08-18T03:02:00","date_gmt":"2023-08-18T07:02:00","guid":{"rendered":"https:\/\/cloudxentral.com\/?post_type=product&#038;p=466"},"modified":"2023-08-18T03:02:00","modified_gmt":"2023-08-18T07:02:00","slug":"yealink-w60p","status":"publish","type":"product","link":"https:\/\/cloudxentral.com\/es\/producto\/yealink-w60p\/","title":{"rendered":"Yealink W60P"},"content":{"rendered":"<h2 class=\"wp-block-heading\">Descontinuado<\/h2>\n<p>\u2022 Sistema telef\u00f3nico inal\u00e1mbrico SIP de alto rendimiento<br \/>\n\u2022 Pantalla a color de 2,4\u2033 y 240 x 320 con una interfaz de usuario intuitiva<br \/>\n\u2022 Hasta 8 llamadas simult\u00e1neas<br \/>\n\u2022 Hasta 8 tel\u00e9fonos inal\u00e1mbricos DECT<br \/>\n\u2022 Hasta 8 cuentas VoIP<br \/>\n\u2022 Admite c\u00f3dec de audio Opus<br \/>\n\u2022 Hasta 30 horas de conversaci\u00f3n<br \/>\n\u2022 Hasta 400 horas de tiempo en espera<br \/>\n\u2022 Carga r\u00e1pida: tiempo de carga de 10 minutos para 2 horas de conversaci\u00f3n<br \/>\n\u2022 Cifrado de seguridad TLS y SRTP<br \/>\n\u2022 Sistema de reducci\u00f3n de ruido<br \/>\n\u2022 Conexi\u00f3n de auriculares mediante jack de 3,5 mm<br \/>\n\u2022 Cargador montable en pared<\/p>\n<p>El Yealink W60P, al ser un sistema telef\u00f3nico inal\u00e1mbrico SIP de alto rendimiento, es la soluci\u00f3n ideal para peque\u00f1as y medianas empresas. Combinado con hasta un total de 8 tel\u00e9fonos DECT Yealink W56H, le permite disfrutar de una movilidad excelente y una flexibilidad eficiente de inmediato, adem\u00e1s de eliminar significativamente problemas de cableado y cargos adicionales. Para proporcionar un rendimiento mejor y mayor, este tel\u00e9fono IP DECT no solo admite hasta 8 cuentas VoIP y 8 llamadas simult\u00e1neas, sino que tambi\u00e9n acelera el inicio y la conexi\u00f3n de la se\u00f1al, y tambi\u00e9n reduce el tiempo de inactividad de las actualizaciones.<\/p>\n<p>Al admitir el c\u00f3dec Opus, W60P ofrece constantemente una calidad de audio excelente y profesional tanto en ancho de banda alto como en condiciones de red deficientes, en comparaci\u00f3n con otros c\u00f3decs de audio de banda ancha o estrecha. Ofreciendo la comodidad de la tecnolog\u00eda inal\u00e1mbrica con un simple dispositivo adicional sin perder las funciones SIP, brinda una gesti\u00f3n de llamadas perfecta para nuestros usuarios mientras est\u00e1n 'en movimiento'. Al poseer m\u00e1s funciones, l\u00edneas y movilidad, brinda a los usuarios la conveniencia de la comunicaci\u00f3n inal\u00e1mbrica junto con los beneficios ampliamente aceptados y la riqueza de funciones de la telefon\u00eda de voz sobre IP.<\/p>\n<p>El tel\u00e9fono IP DECT W60P de Yealink admite un aprovisionamiento eficiente y una implementaci\u00f3n masiva sin esfuerzo con el servicio de redirecci\u00f3n y aprovisionamiento (RPS) y el mecanismo de arranque de Yealink para ayudarle a realizar el aprovisionamiento sin intervenci\u00f3n alguna sin configuraciones manuales complejas, lo que lo hace simple de implementar, f\u00e1cil de mantener y actualizar, ahorrando a\u00fan m\u00e1s tiempo y costos de TI para las empresas.<\/p>","protected":false},"excerpt":{"rendered":"<p>Sistema telef\u00f3nico IP DECT de alto rendimiento con dise\u00f1o centrado en el usuario<\/p>","protected":false},"featured_media":468,"comment_status":"open","ping_status":"closed","template":"","meta":{"_acf_changed":false},"product_brand":[],"product_cat":[26],"product_tag":[],"class_list":{"0":"post-466","1":"product","2":"type-product","3":"status-publish","4":"has-post-thumbnail","6":"product_cat-cordless","8":"first","9":"outofstock","10":"shipping-taxable","11":"product-type-simple"},"acf":[],"_links":{"self":[{"href":"https:\/\/cloudxentral.com\/es\/wp-json\/wp\/v2\/product\/466","targetHints":{"allow":["GET"]}}],"collection":[{"href":"https:\/\/cloudxentral.com\/es\/wp-json\/wp\/v2\/product"}],"about":[{"href":"https:\/\/cloudxentral.com\/es\/wp-json\/wp\/v2\/types\/product"}],"replies":[{"embeddable":true,"href":"https:\/\/cloudxentral.com\/es\/wp-json\/wp\/v2\/comments?post=466"}],"wp:featuredmedia":[{"embeddable":true,"href":"https:\/\/cloudxentral.com\/es\/wp-json\/wp\/v2\/media\/468"}],"wp:attachment":[{"href":"https:\/\/cloudxentral.com\/es\/wp-json\/wp\/v2\/media?parent=466"}],"wp:term":[{"taxonomy":"product_brand","embeddable":true,"href":"https:\/\/cloudxentral.com\/es\/wp-json\/wp\/v2\/product_brand?post=466"},{"taxonomy":"product_cat","embeddable":true,"href":"https:\/\/cloudxentral.com\/es\/wp-json\/wp\/v2\/product_cat?post=466"},{"taxonomy":"product_tag","embeddable":true,"href":"https:\/\/cloudxentral.com\/es\/wp-json\/wp\/v2\/product_tag?post=466"}],"curies":[{"name":"wp","href":"https:\/\/api.w.org\/{rel}","templated":true}]}}