{"id":470,"date":"2023-08-18T03:04:40","date_gmt":"2023-08-18T07:04:40","guid":{"rendered":"https:\/\/cloudxentral.com\/?post_type=product&#038;p=470"},"modified":"2024-06-19T12:43:17","modified_gmt":"2024-06-19T16:43:17","slug":"yealink-w59r","status":"publish","type":"product","link":"https:\/\/cloudxentral.com\/es\/producto\/yealink-w59r\/","title":{"rendered":"Yealink W59R"},"content":{"rendered":"<p>El Yealink W59R, certificado seg\u00fan el riguroso est\u00e1ndar IP67, es un tel\u00e9fono DECT profesional robusto con Bluetooth integrado y alarma de vibraci\u00f3n que es bastante apto para cualquier entorno exigente.<\/p>\n<p><strong>Resistente a golpes, polvo y agua<\/strong><\/p>\n<p>Yealink W59R es un compa\u00f1ero completo con su clasificaci\u00f3n de protecci\u00f3n de ingreso certificada de 67 (IP67) y una bater\u00eda de litio de larga duraci\u00f3n, en la que se puede confiar completamente en entornos de trabajo complicados y hostiles, como sitios de construcci\u00f3n, f\u00e1bricas y almacenes. Mientras tanto, su resistente superficie de goma protege el tel\u00e9fono contra resbalones, rayones y desinfectantes.<\/p>\n<p><strong>Comunicaci\u00f3n m\u00f3vil gratuita<\/strong><\/p>\n<p>Totalmente compatible con el sistema multicelular Yealink W80, W59R permite a los usuarios tener roaming y transferencia de llamadas sin problemas. Libere sus manos con auriculares Bluetooth y clip para cintur\u00f3n cuando no le resulte c\u00f3modo sostener el tel\u00e9fono, por ejemplo, en la f\u00e1brica o el almac\u00e9n. Mientras tanto, la alarma por vibraci\u00f3n evita que pierda llamadas en lugares ruidosos. En resumen, W59R tiende a hacer una contribuci\u00f3n importante para lograr una verdadera comunicaci\u00f3n m\u00f3vil.<\/p>\n<p><strong>Digno de confianza<\/strong><\/p>\n<p>Una serie de funciones de alarma perfectas, que incluyen alarma de bot\u00f3n, alarma de ausencia de movimiento, alarma de hombre ca\u00eddo y alarma de funcionamiento, tienen como objetivo minimizar los riesgos de seguridad. El administrador puede configurar diferentes tipos de alarma para diferentes miembros y las llamadas de emergencia se enviar\u00e1n autom\u00e1ticamente una vez que ocurra una emergencia.<\/p>\n<p><strong>Libre de distracciones e interrupciones<\/strong><\/p>\n<p>Para impulsar la comunicaci\u00f3n HD inal\u00e1mbrica a toda velocidad, W59R se ha desarrollado con m\u00faltiples tecnolog\u00edas l\u00edderes combinadas, incluidas FNR (reducci\u00f3n de ruido flexible), full duplex y Opus. Esto significa que los usuarios pueden obtener una experiencia de audio estable y de alta calidad incluso en un entorno de trabajo lleno de ruido o interferencias inal\u00e1mbricas.<\/p>\n<p>Mire el v\u00eddeo para saber m\u00e1s sobre los tel\u00e9fonos DECT resistentes Yealink W59R<\/p>","protected":false},"excerpt":{"rendered":"<p>Tel\u00e9fono IP inal\u00e1mbrico robusto resistente a golpes, polvo y agua.<\/p>","protected":false},"featured_media":471,"comment_status":"open","ping_status":"closed","template":"","meta":{"_acf_changed":false},"product_brand":[],"product_cat":[26],"product_tag":[],"class_list":{"0":"post-470","1":"product","2":"type-product","3":"status-publish","4":"has-post-thumbnail","6":"product_cat-cordless","8":"first","9":"instock","10":"shipping-taxable","11":"purchasable","12":"product-type-simple"},"acf":[],"_links":{"self":[{"href":"https:\/\/cloudxentral.com\/es\/wp-json\/wp\/v2\/product\/470","targetHints":{"allow":["GET"]}}],"collection":[{"href":"https:\/\/cloudxentral.com\/es\/wp-json\/wp\/v2\/product"}],"about":[{"href":"https:\/\/cloudxentral.com\/es\/wp-json\/wp\/v2\/types\/product"}],"replies":[{"embeddable":true,"href":"https:\/\/cloudxentral.com\/es\/wp-json\/wp\/v2\/comments?post=470"}],"wp:featuredmedia":[{"embeddable":true,"href":"https:\/\/cloudxentral.com\/es\/wp-json\/wp\/v2\/media\/471"}],"wp:attachment":[{"href":"https:\/\/cloudxentral.com\/es\/wp-json\/wp\/v2\/media?parent=470"}],"wp:term":[{"taxonomy":"product_brand","embeddable":true,"href":"https:\/\/cloudxentral.com\/es\/wp-json\/wp\/v2\/product_brand?post=470"},{"taxonomy":"product_cat","embeddable":true,"href":"https:\/\/cloudxentral.com\/es\/wp-json\/wp\/v2\/product_cat?post=470"},{"taxonomy":"product_tag","embeddable":true,"href":"https:\/\/cloudxentral.com\/es\/wp-json\/wp\/v2\/product_tag?post=470"}],"curies":[{"name":"wp","href":"https:\/\/api.w.org\/{rel}","templated":true}]}}