{"id":472,"date":"2023-08-18T03:07:19","date_gmt":"2023-08-18T07:07:19","guid":{"rendered":"https:\/\/cloudxentral.com\/?post_type=product&#038;p=472"},"modified":"2023-08-18T03:07:19","modified_gmt":"2023-08-18T07:07:19","slug":"yealink-w56h","status":"publish","type":"product","link":"https:\/\/cloudxentral.com\/es\/producto\/yealink-w56h\/","title":{"rendered":"Yealink W56H"},"content":{"rendered":"<p>Excepcional conversaci\u00f3n con manos libres<br \/>\nPantalla a color de 2,4' y 240 x 320 con interfaz de usuario intuitiva<br \/>\nConexi\u00f3n de auriculares mediante jack de 3,5 mm<br \/>\nHasta 30 horas de conversaci\u00f3n<br \/>\nHasta 400 horas de tiempo en espera<br \/>\nDise\u00f1o de teclado elegante con iluminaci\u00f3n y bloqueo de teclado<\/p>\n<p>El Yealink W56H es el tel\u00e9fono inal\u00e1mbrico de pr\u00f3xima generaci\u00f3n dise\u00f1ado para uso empresarial con una excelente duraci\u00f3n de bater\u00eda y alta compatibilidad.<\/p>\n<p>Combinando los beneficios de la comunicaci\u00f3n inal\u00e1mbrica con las ricas caracter\u00edsticas comerciales de la telefon\u00eda Voiceover-IP, brinda a los usuarios la conveniencia de la comunicaci\u00f3n inal\u00e1mbrica, que les permite disfrutar de conversaciones con una excelente calidad de voz, beneficiarse de la libertad de movimiento y sus caracter\u00edsticas profesionales. El atractivo dise\u00f1o con pantalla a color de 2,4\u2033 subrayado por su aspecto moderno es lo que define a este tel\u00e9fono inal\u00e1mbrico VoIP de \u00faltima generaci\u00f3n.<\/p>","protected":false},"excerpt":{"rendered":"<p>Tel\u00e9fono DECT Yealink W56H: su compa\u00f1ero inal\u00e1mbrico ideal.<\/p>","protected":false},"featured_media":473,"comment_status":"open","ping_status":"closed","template":"","meta":{"_acf_changed":false},"product_brand":[],"product_cat":[26],"product_tag":[],"class_list":{"0":"post-472","1":"product","2":"type-product","3":"status-publish","4":"has-post-thumbnail","6":"product_cat-cordless","8":"first","9":"instock","10":"shipping-taxable","11":"purchasable","12":"product-type-simple"},"acf":[],"_links":{"self":[{"href":"https:\/\/cloudxentral.com\/es\/wp-json\/wp\/v2\/product\/472","targetHints":{"allow":["GET"]}}],"collection":[{"href":"https:\/\/cloudxentral.com\/es\/wp-json\/wp\/v2\/product"}],"about":[{"href":"https:\/\/cloudxentral.com\/es\/wp-json\/wp\/v2\/types\/product"}],"replies":[{"embeddable":true,"href":"https:\/\/cloudxentral.com\/es\/wp-json\/wp\/v2\/comments?post=472"}],"wp:featuredmedia":[{"embeddable":true,"href":"https:\/\/cloudxentral.com\/es\/wp-json\/wp\/v2\/media\/473"}],"wp:attachment":[{"href":"https:\/\/cloudxentral.com\/es\/wp-json\/wp\/v2\/media?parent=472"}],"wp:term":[{"taxonomy":"product_brand","embeddable":true,"href":"https:\/\/cloudxentral.com\/es\/wp-json\/wp\/v2\/product_brand?post=472"},{"taxonomy":"product_cat","embeddable":true,"href":"https:\/\/cloudxentral.com\/es\/wp-json\/wp\/v2\/product_cat?post=472"},{"taxonomy":"product_tag","embeddable":true,"href":"https:\/\/cloudxentral.com\/es\/wp-json\/wp\/v2\/product_tag?post=472"}],"curies":[{"name":"wp","href":"https:\/\/api.w.org\/{rel}","templated":true}]}}