{"id":475,"date":"2023-08-18T03:09:46","date_gmt":"2023-08-18T07:09:46","guid":{"rendered":"https:\/\/cloudxentral.com\/?post_type=product&#038;p=475"},"modified":"2023-08-18T03:09:46","modified_gmt":"2023-08-18T07:09:46","slug":"yealink-w53h","status":"publish","type":"product","link":"https:\/\/cloudxentral.com\/es\/producto\/yealink-w53h\/","title":{"rendered":"Yealink W53H"},"content":{"rendered":"<p>El tel\u00e9fono inal\u00e1mbrico DECT Yealink W53H es una opci\u00f3n confiable y rentable para los clientes para sus comunicaciones en movimiento de moderadas a activas.<\/p>\n<p><strong>Calidad de audio HD superior<\/strong><\/p>\n<p>Basado en el est\u00e1ndar inal\u00e1mbrico CAT-iq2.0 DECT para ofrecer una calidad de audio HD estable y superior para una comunicaci\u00f3n eficiente y clara.<\/p>\n<p><strong>Dise\u00f1o ergon\u00f3mico<\/strong><\/p>\n<ul>\n<li>El dise\u00f1o industrial que se adapta perfectamente a su palma con solo 150 mm de alto y 25 mm de profundidad le permite llevarlo o guardarlo en el bolsillo con comodidad.<\/li>\n<li>Aspecto met\u00e1lico gris plateado profesional y elegante.<\/li>\n<li>Funcionamiento f\u00e1cil y r\u00e1pido con una pantalla a color de 1,8\u2033 y 128\u00d7160 p\u00edxeles.<\/li>\n<\/ul>\n<p><strong>Confiable y resistente<\/strong><\/p>\n<ul>\n<li>Instalado con una bater\u00eda de iones de litio, listo para comunicaciones prolongadas con 18 horas de conversaci\u00f3n y 200 horas de tiempo de espera.<\/li>\n<li>Admite funda protectora opcional con caracter\u00edsticas a prueba de agua, polvo y resistencia a roturas.<\/li>\n<\/ul>\n<p><strong>Compatibilidad perfecta con Yealink W60B \/\u00a0<a href=\"https:\/\/www.yealink.com\/products_160.html\" target=\"_blank\" rel=\"noopener\"><u>W80B<\/u><\/a>\u00a0Base DECT<\/strong><\/p>\n<ul>\n<li>El Yealink W60B es una poderosa base DECT escalable que admite hasta 8 tel\u00e9fonos, 8 cuentas SIP y 8 llamadas simult\u00e1neas. Equipado con hardware robusto y numerosas funciones, se adapta perfectamente a su ocupada oficina de tama\u00f1o peque\u00f1o a mediano.<\/li>\n<li>La base DECT Yealink W60B funciona a la perfecci\u00f3n con toda la gama de repetidores y tel\u00e9fonos DECT de Yealink.<\/li>\n<\/ul>\n<ul>\n<li>El Yealink W80B proporciona una soluci\u00f3n de roaming y transferencia perfecta, una experiencia de comunicaci\u00f3n estable y un servicio de implementaci\u00f3n simple que cubre m\u00faltiples escenarios, incluidos almacenes, hoteles, concesionarios de autom\u00f3viles autorizados, oficinas, comercios minoristas y otros espacios grandes que necesitan utilizar la soluci\u00f3n Multi-Cell.<\/li>\n<\/ul>\n<ul>\n<li>Tanto el Yealink W60B como el W80B admiten un aprovisionamiento eficiente y una implementaci\u00f3n masiva con el servicio de redirecci\u00f3n y aprovisionamiento de Yealink y el mecanismo de cabina para realizar un aprovisionamiento sin intervenci\u00f3n.<\/li>\n<\/ul>","protected":false},"excerpt":{"rendered":"<p>Tel\u00e9fono Yealink W53H DECT: un tel\u00e9fono IP inal\u00e1mbrico confiable y rentable.<\/p>","protected":false},"featured_media":476,"comment_status":"open","ping_status":"closed","template":"","meta":{"_acf_changed":false},"product_brand":[],"product_cat":[26],"product_tag":[],"class_list":{"0":"post-475","1":"product","2":"type-product","3":"status-publish","4":"has-post-thumbnail","6":"product_cat-cordless","8":"first","9":"instock","10":"shipping-taxable","11":"purchasable","12":"product-type-simple"},"acf":[],"_links":{"self":[{"href":"https:\/\/cloudxentral.com\/es\/wp-json\/wp\/v2\/product\/475","targetHints":{"allow":["GET"]}}],"collection":[{"href":"https:\/\/cloudxentral.com\/es\/wp-json\/wp\/v2\/product"}],"about":[{"href":"https:\/\/cloudxentral.com\/es\/wp-json\/wp\/v2\/types\/product"}],"replies":[{"embeddable":true,"href":"https:\/\/cloudxentral.com\/es\/wp-json\/wp\/v2\/comments?post=475"}],"wp:featuredmedia":[{"embeddable":true,"href":"https:\/\/cloudxentral.com\/es\/wp-json\/wp\/v2\/media\/476"}],"wp:attachment":[{"href":"https:\/\/cloudxentral.com\/es\/wp-json\/wp\/v2\/media?parent=475"}],"wp:term":[{"taxonomy":"product_brand","embeddable":true,"href":"https:\/\/cloudxentral.com\/es\/wp-json\/wp\/v2\/product_brand?post=475"},{"taxonomy":"product_cat","embeddable":true,"href":"https:\/\/cloudxentral.com\/es\/wp-json\/wp\/v2\/product_cat?post=475"},{"taxonomy":"product_tag","embeddable":true,"href":"https:\/\/cloudxentral.com\/es\/wp-json\/wp\/v2\/product_tag?post=475"}],"curies":[{"name":"wp","href":"https:\/\/api.w.org\/{rel}","templated":true}]}}