{"id":478,"date":"2023-08-18T03:13:50","date_gmt":"2023-08-18T07:13:50","guid":{"rendered":"https:\/\/cloudxentral.com\/?post_type=product&#038;p=478"},"modified":"2023-08-18T03:13:50","modified_gmt":"2023-08-18T07:13:50","slug":"yealink-cp960","status":"publish","type":"product","link":"https:\/\/cloudxentral.com\/es\/producto\/yealink-cp960\/","title":{"rendered":"Yealink CP960"},"content":{"rendered":"<p>Es hora de optimizar su sala de conferencias con el \u00faltimo tel\u00e9fono para conferencias de Yealink: el tel\u00e9fono para conferencias IP Yealink Optima HD CP960, que incluye la potencia del sistema operativo Android 5.1. Con una filosof\u00eda de dise\u00f1o centrada en el usuario, este nuevo lanzamiento en forma de Y de Yealink combina la simplicidad de uso con caracter\u00edsticas sofisticadas, siendo perfecto para cualquier entorno de equipo, especialmente para salas de conferencias medianas y grandes. En cuanto a su calidad de audio n\u00edtida, su conversaci\u00f3n sonar\u00e1 natural y brillante en cualquier lugar con un CP960 bien dise\u00f1ado y, adem\u00e1s, puede conectarle un altavoz externo si es necesario.<br \/>\nEl Yealink CP960 proporciona emparejamiento inal\u00e1mbrico y por cable con su personal m\u00f3vil: tel\u00e9fono inteligente o PC\/tableta a trav\u00e9s de Bluetooth y puerto USB Micro-B; Como complemento valioso para su sala de conferencias, Yealink se concentra en los propios usuarios, brind\u00e1ndole una experiencia de conferencia de negocios f\u00e1cil y claramente atractiva. Adem\u00e1s, puede vincular tres CP960 esclavos a su CP960 maestro mediante multidifusi\u00f3n en conexi\u00f3n en estrella, y el CP esclavo funcionar\u00e1 como altavoz y micr\u00f3fono. El tel\u00e9fono de conferencias Yealink CP960 logra un excelente equilibrio entre facilidad de uso y potentes funciones, ofreciendo una experiencia m\u00e1s inteligente.<br \/>\nSoluci\u00f3n de audioconferencia para su empresa.<\/p>","protected":false},"excerpt":{"rendered":"<p>Tel\u00e9fono de conferencia IP Optima HD.<\/p>","protected":false},"featured_media":479,"comment_status":"open","ping_status":"closed","template":"","meta":{"_acf_changed":false},"product_brand":[],"product_cat":[27],"product_tag":[],"class_list":{"0":"post-478","1":"product","2":"type-product","3":"status-publish","4":"has-post-thumbnail","6":"product_cat-conference","8":"first","9":"instock","10":"shipping-taxable","11":"purchasable","12":"product-type-simple"},"acf":[],"_links":{"self":[{"href":"https:\/\/cloudxentral.com\/es\/wp-json\/wp\/v2\/product\/478","targetHints":{"allow":["GET"]}}],"collection":[{"href":"https:\/\/cloudxentral.com\/es\/wp-json\/wp\/v2\/product"}],"about":[{"href":"https:\/\/cloudxentral.com\/es\/wp-json\/wp\/v2\/types\/product"}],"replies":[{"embeddable":true,"href":"https:\/\/cloudxentral.com\/es\/wp-json\/wp\/v2\/comments?post=478"}],"wp:featuredmedia":[{"embeddable":true,"href":"https:\/\/cloudxentral.com\/es\/wp-json\/wp\/v2\/media\/479"}],"wp:attachment":[{"href":"https:\/\/cloudxentral.com\/es\/wp-json\/wp\/v2\/media?parent=478"}],"wp:term":[{"taxonomy":"product_brand","embeddable":true,"href":"https:\/\/cloudxentral.com\/es\/wp-json\/wp\/v2\/product_brand?post=478"},{"taxonomy":"product_cat","embeddable":true,"href":"https:\/\/cloudxentral.com\/es\/wp-json\/wp\/v2\/product_cat?post=478"},{"taxonomy":"product_tag","embeddable":true,"href":"https:\/\/cloudxentral.com\/es\/wp-json\/wp\/v2\/product_tag?post=478"}],"curies":[{"name":"wp","href":"https:\/\/api.w.org\/{rel}","templated":true}]}}