{"id":480,"date":"2023-08-18T03:15:55","date_gmt":"2023-08-18T07:15:55","guid":{"rendered":"https:\/\/cloudxentral.com\/?post_type=product&#038;p=480"},"modified":"2023-08-18T03:15:55","modified_gmt":"2023-08-18T07:15:55","slug":"yealink-cp930w-base","status":"publish","type":"product","link":"https:\/\/cloudxentral.com\/es\/producto\/yealink-cp930w-base\/","title":{"rendered":"Yealink CP930W + Base"},"content":{"rendered":"<p><strong>W60B:<\/strong><br \/>\n\u2022 Tecnolog\u00eda DECT<br \/>\n\u2022 Hasta 8 llamadas simult\u00e1neas<br \/>\n\u2022 Hasta 8 tel\u00e9fonos inal\u00e1mbricos DECT<br \/>\n\u2022 Hasta 8 cuentas VoIP<br \/>\n<strong>CP930W:<\/strong><br \/>\n\u2022 Bater\u00eda integrada<br \/>\n\u2022 Hasta 24 horas de tiempo de conversaci\u00f3n<br \/>\n\u2022 Hasta 15 d\u00edas de tiempo de espera<br \/>\n\u2022 Menos de 4 horas de tiempo de carga<br \/>\n\u2022 Voz Optima HD, tecnolog\u00eda full-duplex<br \/>\n\u2022 Rango de captaci\u00f3n del micr\u00f3fono de 20 pies (6 metros) y 360 grados<br \/>\n\u2022 Llamada de conferencia entre 5 personas<br \/>\n\u2022 Actualizaci\u00f3n por aire<\/p>\n<p>Al emplear tecnolog\u00eda DECT, el tel\u00e9fono inal\u00e1mbrico para conferencias DECT CP930W de Yealink le permite celebrar reuniones donde y cuando sea conveniente para usted. Al trabajar con la estaci\u00f3n base Yealink W60B, que posee una cobertura de radio DECT de hasta 50 m en interiores, se puede proporcionar al CP930W una se\u00f1al buena y estable.<\/p>\n<p>Gracias a su bater\u00eda integrada y a la tecnolog\u00eda DECT, CP930W le libera por completo de los problemas de red y tomas de corriente, ofreci\u00e9ndole una mesa de conferencias ordenada con un solo elegante CP930W. Adem\u00e1s, su bater\u00eda recargable incorporada garantiza hasta 24 horas de llamada y 15 d\u00edas en espera, garantizando un largo tiempo de trabajo sin recargar y haciendo que CP930W sea totalmente inal\u00e1mbrico en el entorno DECT.<\/p>\n<p>El tel\u00e9fono de conferencias DECT Yealink CP930W, que combina la tecnolog\u00eda Yealink Noise Proof, alivia la conversaci\u00f3n de negocios al reducir el ruido molesto y minimizar las distracciones para llevar la experiencia de audio a un nuevo nivel. Gracias a su conjunto de 3 micr\u00f3fonos incorporado, el CP930W posee un rango de captaci\u00f3n de voz de 20 pies (6 metros) y 360 grados, como si todos los participantes estuvieran sentados.<br \/>\n\u00a1al otro lado de la mesa uno del otro!<\/p>\n<p>Adem\u00e1s, emparejar Yealink CP930W con su tel\u00e9fono inteligente (a trav\u00e9s de Bluetooth) o PC\/tableta (a trav\u00e9s de micro USB) le permite convertir el Yealink CP930W en un altavoz y micr\u00f3fono con facilidad, lo que hace que la colaboraci\u00f3n sea m\u00e1s f\u00e1cil que nunca.<\/p>","protected":false},"excerpt":{"rendered":"<p>Sistema telef\u00f3nico inal\u00e1mbrico SIP de alto rendimiento.<\/p>","protected":false},"featured_media":482,"comment_status":"open","ping_status":"closed","template":"","meta":{"_acf_changed":false},"product_brand":[],"product_cat":[27],"product_tag":[],"class_list":{"0":"post-480","1":"product","2":"type-product","3":"status-publish","4":"has-post-thumbnail","6":"product_cat-conference","8":"first","9":"instock","10":"shipping-taxable","11":"purchasable","12":"product-type-simple"},"acf":[],"_links":{"self":[{"href":"https:\/\/cloudxentral.com\/es\/wp-json\/wp\/v2\/product\/480","targetHints":{"allow":["GET"]}}],"collection":[{"href":"https:\/\/cloudxentral.com\/es\/wp-json\/wp\/v2\/product"}],"about":[{"href":"https:\/\/cloudxentral.com\/es\/wp-json\/wp\/v2\/types\/product"}],"replies":[{"embeddable":true,"href":"https:\/\/cloudxentral.com\/es\/wp-json\/wp\/v2\/comments?post=480"}],"wp:featuredmedia":[{"embeddable":true,"href":"https:\/\/cloudxentral.com\/es\/wp-json\/wp\/v2\/media\/482"}],"wp:attachment":[{"href":"https:\/\/cloudxentral.com\/es\/wp-json\/wp\/v2\/media?parent=480"}],"wp:term":[{"taxonomy":"product_brand","embeddable":true,"href":"https:\/\/cloudxentral.com\/es\/wp-json\/wp\/v2\/product_brand?post=480"},{"taxonomy":"product_cat","embeddable":true,"href":"https:\/\/cloudxentral.com\/es\/wp-json\/wp\/v2\/product_cat?post=480"},{"taxonomy":"product_tag","embeddable":true,"href":"https:\/\/cloudxentral.com\/es\/wp-json\/wp\/v2\/product_tag?post=480"}],"curies":[{"name":"wp","href":"https:\/\/api.w.org\/{rel}","templated":true}]}}