{"id":483,"date":"2023-08-18T03:18:28","date_gmt":"2023-08-18T07:18:28","guid":{"rendered":"https:\/\/cloudxentral.com\/?post_type=product&#038;p=483"},"modified":"2023-08-18T03:18:28","modified_gmt":"2023-08-18T07:18:28","slug":"yealink-cp920","status":"publish","type":"product","link":"https:\/\/cloudxentral.com\/es\/producto\/yealink-cp920\/","title":{"rendered":"Yealink CP920"},"content":{"rendered":"<p>Es hora de optimizar su sala de conferencias con el moderno tel\u00e9fono para conferencias Yealink: el tel\u00e9fono para conferencias IP HD t\u00e1ctil Yealink CP920. Con una filosof\u00eda de dise\u00f1o centrada en el usuario, esta nueva versi\u00f3n de Yealink combina simplicidad de uso con caracter\u00edsticas sofisticadas, siendo perfecta para salas de conferencias peque\u00f1as y medianas. En cuanto a su calidad de audio n\u00edtida, su conversaci\u00f3n sonar\u00e1 natural y brillante en cualquier lugar con el CP920 bien dise\u00f1ado. El Yealink CP920 no s\u00f3lo se puede emparejar con su personal m\u00f3vil: su tel\u00e9fono inteligente<br \/>\no PC\/tableta a trav\u00e9s de Bluetooth, pero tambi\u00e9n es una buena opci\u00f3n para las empresas que utilizan una red telef\u00f3nica p\u00fablica conmutada (PSTN) despu\u00e9s de combinarla con CPN10 PSTN Box. Como complemento valioso para su sala de conferencias, el tel\u00e9fono de conferencias CP920 logra un excelente equilibrio entre facilidad de uso y funciones potentes, brind\u00e1ndole una experiencia de conferencia de negocios simple y claramente atractiva.<\/p>\n<p><strong>Tacto sensible, control elegante<\/strong><br \/>\nEste tel\u00e9fono en forma de Y lanzado por Yealink, que representa la primera letra Y de Yealink, posee un teclado t\u00e1ctil sensible que cancela perfectamente el ruido del teclado y facilita su experiencia en la sala de conferencias simplemente poniendo todas las funciones clave de conferencia al alcance de su mano.<\/p>\n<p><strong>Calidad de audio superior<\/strong><br \/>\nEl tel\u00e9fono de conferencias Yealink CP920, que combina la tecnolog\u00eda Yealink Noise Proof, alivia la conversaci\u00f3n de negocios al reducir el ruido molesto y minimizar las distracciones para llevar la experiencia de audio a un nuevo nivel. Gracias a su conjunto de 3 micr\u00f3fonos incorporado, el CP920 posee un rango de captaci\u00f3n de voz de 20 pies (6 metros) y 360 grados, \u00a1como si todos los participantes estuvieran sentados uno frente al otro en la mesa!<\/p>\n<p><strong>Anal\u00f3gico-m\u00e1s-IP simult\u00e1neo<\/strong><br \/>\nPara proteger las inversiones de los propietarios de empresas al respaldar la migraci\u00f3n a VoIP, CP920 le permite conectar la caja PSTN CPN10 de Yealink con l\u00edneas telef\u00f3nicas anal\u00f3gicas tradicionales. Sin comprar ning\u00fan servidor PSTN adicional, simplemente conectando en cascada dos CPN10 se puede implementar directamente una conferencia PSTN local de tres v\u00edas y ofrece modos flexibles para usuarios empresariales: anal\u00f3gico, IP o<br \/>\nanal\u00f3gico-m\u00e1s-IP simult\u00e1neo.<\/p>\n<p><strong>Reuni\u00f3n de UC h\u00edbrida<\/strong><br \/>\nCon Yealink CP920, hasta cinco participantes pueden unirse a una conferencia telef\u00f3nica desde diferentes ubicaciones, lo que ayuda a su empresa a reducir costos y ahorrar tiempo. Emparejar Yealink CP920 con su tel\u00e9fono inteligente o PC\/tableta a trav\u00e9s de Bluetooth le permite convertir el Yealink CP920 en un altavoz o micr\u00f3fono con facilidad. Adem\u00e1s, puede fusionar su tel\u00e9fono inteligente o PC\/tableta, llamada SIP y llamada PSTN en una reuni\u00f3n UC h\u00edbrida.<\/p>","protected":false},"excerpt":{"rendered":"<p>Tel\u00e9fono de conferencia IP HD sensible al tacto.<\/p>","protected":false},"featured_media":484,"comment_status":"open","ping_status":"closed","template":"","meta":{"_acf_changed":false},"product_brand":[],"product_cat":[27],"product_tag":[],"class_list":{"0":"post-483","1":"product","2":"type-product","3":"status-publish","4":"has-post-thumbnail","6":"product_cat-conference","8":"first","9":"instock","10":"shipping-taxable","11":"purchasable","12":"product-type-simple"},"acf":[],"_links":{"self":[{"href":"https:\/\/cloudxentral.com\/es\/wp-json\/wp\/v2\/product\/483","targetHints":{"allow":["GET"]}}],"collection":[{"href":"https:\/\/cloudxentral.com\/es\/wp-json\/wp\/v2\/product"}],"about":[{"href":"https:\/\/cloudxentral.com\/es\/wp-json\/wp\/v2\/types\/product"}],"replies":[{"embeddable":true,"href":"https:\/\/cloudxentral.com\/es\/wp-json\/wp\/v2\/comments?post=483"}],"wp:featuredmedia":[{"embeddable":true,"href":"https:\/\/cloudxentral.com\/es\/wp-json\/wp\/v2\/media\/484"}],"wp:attachment":[{"href":"https:\/\/cloudxentral.com\/es\/wp-json\/wp\/v2\/media?parent=483"}],"wp:term":[{"taxonomy":"product_brand","embeddable":true,"href":"https:\/\/cloudxentral.com\/es\/wp-json\/wp\/v2\/product_brand?post=483"},{"taxonomy":"product_cat","embeddable":true,"href":"https:\/\/cloudxentral.com\/es\/wp-json\/wp\/v2\/product_cat?post=483"},{"taxonomy":"product_tag","embeddable":true,"href":"https:\/\/cloudxentral.com\/es\/wp-json\/wp\/v2\/product_tag?post=483"}],"curies":[{"name":"wp","href":"https:\/\/api.w.org\/{rel}","templated":true}]}}