{"id":490,"date":"2023-08-18T03:23:07","date_gmt":"2023-08-18T07:23:07","guid":{"rendered":"https:\/\/cloudxentral.com\/?post_type=product&#038;p=490"},"modified":"2024-06-19T12:44:55","modified_gmt":"2024-06-19T16:44:55","slug":"yealink-cp900","status":"publish","type":"product","link":"https:\/\/cloudxentral.com\/es\/producto\/yealink-cp900\/","title":{"rendered":"Yealink CP900"},"content":{"rendered":"<p>Yealink CP900 es un altavoz port\u00e1til de alto rendimiento, flexible y escalable para reuniones de hasta 6 personas. Yealink CP900 lo recompensa con una conectividad plug and play sin problemas que puede conectar a su PC, tableta y tel\u00e9fono inteligente mediante emparejamiento inal\u00e1mbrico Bluetooth y conexi\u00f3n por cable USB. Para que pueda sentarse en cualquier extremo de la mesa o caminar por la sala de su oficina, el CP900 incluye calidad de voz Yealink HD. Envuelva el CP900 con la matriz de formaci\u00f3n de haces de 6 micr\u00f3fonos, la tecnolog\u00eda full-duplex y los algoritmos de audio de Yealink; hemos creado una experiencia de altavoz elaborada para usted, que incluye la capacidad de captaci\u00f3n de voz de 360 \u200b\u200bgrados y la mejor cancelaci\u00f3n de eco que siempre le mantiene concentrado en su reuni\u00f3n. Para que su reuni\u00f3n contin\u00fae mientras viaja, el CP900 no solo posee una duraci\u00f3n de bater\u00eda premium con tiempo de conversaci\u00f3n de 12 horas, sino tambi\u00e9n una bolsa protectora con cremallera. Yealink CP900 es su altavoz que presenta un sonido envolvente para llamadas o m\u00fasica y hace que los controles de llamadas sean accesibles directamente en el CP900.<\/p>","protected":false},"excerpt":{"rendered":"<p>Altavoz flexible ultracompacto.<\/p>","protected":false},"featured_media":491,"comment_status":"open","ping_status":"closed","template":"","meta":{"_acf_changed":false},"product_brand":[],"product_cat":[28],"product_tag":[],"class_list":{"0":"post-490","1":"product","2":"type-product","3":"status-publish","4":"has-post-thumbnail","6":"product_cat-accessories","8":"first","9":"instock","10":"shipping-taxable","11":"purchasable","12":"product-type-simple"},"acf":[],"_links":{"self":[{"href":"https:\/\/cloudxentral.com\/es\/wp-json\/wp\/v2\/product\/490","targetHints":{"allow":["GET"]}}],"collection":[{"href":"https:\/\/cloudxentral.com\/es\/wp-json\/wp\/v2\/product"}],"about":[{"href":"https:\/\/cloudxentral.com\/es\/wp-json\/wp\/v2\/types\/product"}],"replies":[{"embeddable":true,"href":"https:\/\/cloudxentral.com\/es\/wp-json\/wp\/v2\/comments?post=490"}],"wp:featuredmedia":[{"embeddable":true,"href":"https:\/\/cloudxentral.com\/es\/wp-json\/wp\/v2\/media\/491"}],"wp:attachment":[{"href":"https:\/\/cloudxentral.com\/es\/wp-json\/wp\/v2\/media?parent=490"}],"wp:term":[{"taxonomy":"product_brand","embeddable":true,"href":"https:\/\/cloudxentral.com\/es\/wp-json\/wp\/v2\/product_brand?post=490"},{"taxonomy":"product_cat","embeddable":true,"href":"https:\/\/cloudxentral.com\/es\/wp-json\/wp\/v2\/product_cat?post=490"},{"taxonomy":"product_tag","embeddable":true,"href":"https:\/\/cloudxentral.com\/es\/wp-json\/wp\/v2\/product_tag?post=490"}],"curies":[{"name":"wp","href":"https:\/\/api.w.org\/{rel}","templated":true}]}}