{"id":493,"date":"2023-08-18T03:25:03","date_gmt":"2023-08-18T07:25:03","guid":{"rendered":"https:\/\/cloudxentral.com\/?post_type=product&#038;p=493"},"modified":"2023-08-18T03:25:03","modified_gmt":"2023-08-18T07:25:03","slug":"yealink-cp700","status":"publish","type":"product","link":"https:\/\/cloudxentral.com\/es\/producto\/yealink-cp700\/","title":{"rendered":"Yealink CP700"},"content":{"rendered":"<p>Yealink CP700 es el altavoz personal y port\u00e1til que lo recompensa con una conectividad plug and play sin problemas para que pueda conectarlo a su PC, tableta y tel\u00e9fono inteligente mediante emparejamiento inal\u00e1mbrico Bluetooth y conexi\u00f3n por cable USB. Para que pueda sentarse en cualquier extremo de la mesa o caminar por la sala de su oficina, el CP700 incluye calidad de voz Yealink HD. Envuelva el CP700 con los 2 micr\u00f3fonos omnidireccionales y los algoritmos de audio de Yealink, hemos creado una experiencia de altavoz elaborada para usted, que incluye la capacidad de captaci\u00f3n de voz de 360 \u200b\u200bgrados y la mejor cancelaci\u00f3n de eco que siempre lo mantendr\u00e1 concentrado en su conversaci\u00f3n. Para poder realizar llamadas mientras viaja, el CP700 no solo posee una duraci\u00f3n de bater\u00eda premium con tiempo de conversaci\u00f3n de 9 horas, sino tambi\u00e9n una bolsa protectora con cremallera. Yealink CP700 es su altavoz que presenta un sonido envolvente para llamadas o m\u00fasica y hace que los controles de llamadas sean accesibles directamente en el CP700.<\/p>","protected":false},"excerpt":{"rendered":"<p>Altavoz personal ultracompacto.<\/p>","protected":false},"featured_media":491,"comment_status":"open","ping_status":"closed","template":"","meta":{"_acf_changed":false},"product_brand":[],"product_cat":[28],"product_tag":[],"class_list":{"0":"post-493","1":"product","2":"type-product","3":"status-publish","4":"has-post-thumbnail","6":"product_cat-accessories","8":"first","9":"instock","10":"shipping-taxable","11":"purchasable","12":"product-type-simple"},"acf":[],"_links":{"self":[{"href":"https:\/\/cloudxentral.com\/es\/wp-json\/wp\/v2\/product\/493","targetHints":{"allow":["GET"]}}],"collection":[{"href":"https:\/\/cloudxentral.com\/es\/wp-json\/wp\/v2\/product"}],"about":[{"href":"https:\/\/cloudxentral.com\/es\/wp-json\/wp\/v2\/types\/product"}],"replies":[{"embeddable":true,"href":"https:\/\/cloudxentral.com\/es\/wp-json\/wp\/v2\/comments?post=493"}],"wp:featuredmedia":[{"embeddable":true,"href":"https:\/\/cloudxentral.com\/es\/wp-json\/wp\/v2\/media\/491"}],"wp:attachment":[{"href":"https:\/\/cloudxentral.com\/es\/wp-json\/wp\/v2\/media?parent=493"}],"wp:term":[{"taxonomy":"product_brand","embeddable":true,"href":"https:\/\/cloudxentral.com\/es\/wp-json\/wp\/v2\/product_brand?post=493"},{"taxonomy":"product_cat","embeddable":true,"href":"https:\/\/cloudxentral.com\/es\/wp-json\/wp\/v2\/product_cat?post=493"},{"taxonomy":"product_tag","embeddable":true,"href":"https:\/\/cloudxentral.com\/es\/wp-json\/wp\/v2\/product_tag?post=493"}],"curies":[{"name":"wp","href":"https:\/\/api.w.org\/{rel}","templated":true}]}}